{"id":241,"date":"2024-03-18T14:09:50","date_gmt":"2024-03-18T13:09:50","guid":{"rendered":"https:\/\/claudiamingarropsicologia.com\/?page_id=241"},"modified":"2026-03-11T19:24:41","modified_gmt":"2026-03-11T18:24:41","slug":"contacto","status":"publish","type":"page","link":"https:\/\/claudiamingarropsicologia.com\/index.php\/contacto\/","title":{"rendered":"Contacto"},"content":{"rendered":"\t\t<div data-elementor-type=\"wp-page\" data-elementor-id=\"241\" class=\"elementor elementor-241\" data-elementor-post-type=\"page\">\n\t\t\t\t\t\t<section class=\"elementor-section elementor-top-section elementor-element elementor-element-469b6326 elementor-section-boxed elementor-section-height-default elementor-section-height-default\" data-id=\"469b6326\" data-element_type=\"section\" data-e-type=\"section\" data-settings=\"{&quot;background_background&quot;:&quot;classic&quot;}\">\n\t\t\t\t\t\t\t<div class=\"elementor-background-overlay\"><\/div>\n\t\t\t\t\t\t\t<div class=\"elementor-container elementor-column-gap-default\">\n\t\t\t\t\t<div class=\"elementor-column elementor-col-100 elementor-top-column elementor-element elementor-element-51789b24\" data-id=\"51789b24\" data-element_type=\"column\" data-e-type=\"column\">\n\t\t\t<div class=\"elementor-widget-wrap elementor-element-populated\">\n\t\t\t\t\t<div class=\"elementor-background-overlay\"><\/div>\n\t\t\t\t\t\t<section class=\"elementor-section elementor-inner-section elementor-element elementor-element-4ef8ee6e elementor-section-boxed elementor-section-height-default elementor-section-height-default\" data-id=\"4ef8ee6e\" data-element_type=\"section\" data-e-type=\"section\">\n\t\t\t\t\t\t<div class=\"elementor-container elementor-column-gap-default\">\n\t\t\t\t\t<div class=\"elementor-column elementor-col-100 elementor-inner-column elementor-element elementor-element-3ee6e48b\" data-id=\"3ee6e48b\" data-element_type=\"column\" data-e-type=\"column\">\n\t\t\t<div class=\"elementor-widget-wrap elementor-element-populated\">\n\t\t\t\t\t\t<div class=\"elementor-element elementor-element-2bb02a46 elementor-widget elementor-widget-heading\" data-id=\"2bb02a46\" data-element_type=\"widget\" data-e-type=\"widget\" data-widget_type=\"heading.default\">\n\t\t\t\t<div class=\"elementor-widget-container\">\n\t\t\t\t\t<h1 class=\"elementor-heading-title elementor-size-default\">Contacto<\/h1>\t\t\t\t<\/div>\n\t\t\t\t<\/div>\n\t\t\t\t\t<\/div>\n\t\t<\/div>\n\t\t\t\t\t<\/div>\n\t\t<\/section>\n\t\t\t\t\t<\/div>\n\t\t<\/div>\n\t\t\t\t\t<\/div>\n\t\t<\/section>\n\t\t\t\t<section class=\"elementor-section elementor-top-section elementor-element elementor-element-2243e424 elementor-section-boxed elementor-section-height-default elementor-section-height-default\" data-id=\"2243e424\" data-element_type=\"section\" data-e-type=\"section\">\n\t\t\t\t\t\t<div class=\"elementor-container elementor-column-gap-default\">\n\t\t\t\t\t<div class=\"elementor-column elementor-col-50 elementor-top-column elementor-element elementor-element-978050b\" data-id=\"978050b\" data-element_type=\"column\" data-e-type=\"column\">\n\t\t\t<div class=\"elementor-widget-wrap elementor-element-populated\">\n\t\t\t\t\t\t<div class=\"elementor-element elementor-element-50ba1baa elementor-widget elementor-widget-heading\" data-id=\"50ba1baa\" data-element_type=\"widget\" data-e-type=\"widget\" data-widget_type=\"heading.default\">\n\t\t\t\t<div class=\"elementor-widget-container\">\n\t\t\t\t\t<h2 class=\"elementor-heading-title elementor-size-default\">Obt\u00e9n una cita para evaluaci\u00f3n<\/h2>\t\t\t\t<\/div>\n\t\t\t\t<\/div>\n\t\t\t\t<div class=\"elementor-element elementor-element-4fe57f49 elementor-position-inline-start elementor-view-stacked elementor-shape-square elementor-mobile-position-inline-start elementor-widget__width-initial elementor-widget elementor-widget-icon-box\" data-id=\"4fe57f49\" data-element_type=\"widget\" data-e-type=\"widget\" data-widget_type=\"icon-box.default\">\n\t\t\t\t<div class=\"elementor-widget-container\">\n\t\t\t\t\t\t\t<div class=\"elementor-icon-box-wrapper\">\n\n\t\t\t\t\t\t<div class=\"elementor-icon-box-icon\">\n\t\t\t\t<span  class=\"elementor-icon\">\n\t\t\t\t<i aria-hidden=\"true\" class=\"icon icon-map-marker1\"><\/i>\t\t\t\t<\/span>\n\t\t\t<\/div>\n\t\t\t\n\t\t\t\t\t\t<div class=\"elementor-icon-box-content\">\n\n\t\t\t\t\t\t\t\t\t<div class=\"elementor-icon-box-title\">\n\t\t\t\t\t\t<span  >\n\t\t\t\t\t\t\tConsulta\t\t\t\t\t\t<\/span>\n\t\t\t\t\t<\/div>\n\t\t\t\t\n\t\t\t\t\t\t\t\t\t<p class=\"elementor-icon-box-description\">\n\t\t\t\t\t\tCalle Gloria M\u00e1s 2 Edificio Oriente, Portal 2, 1\u00baC, Granada\t\t\t\t\t<\/p>\n\t\t\t\t\n\t\t\t<\/div>\n\t\t\t\n\t\t<\/div>\n\t\t\t\t\t\t<\/div>\n\t\t\t\t<\/div>\n\t\t\t\t<div class=\"elementor-element elementor-element-24bbb8a5 elementor-position-inline-start elementor-view-stacked elementor-shape-square elementor-mobile-position-inline-start elementor-widget__width-initial elementor-widget elementor-widget-icon-box\" data-id=\"24bbb8a5\" data-element_type=\"widget\" data-e-type=\"widget\" data-widget_type=\"icon-box.default\">\n\t\t\t\t<div class=\"elementor-widget-container\">\n\t\t\t\t\t\t\t<div class=\"elementor-icon-box-wrapper\">\n\n\t\t\t\t\t\t<div class=\"elementor-icon-box-icon\">\n\t\t\t\t<span  class=\"elementor-icon\">\n\t\t\t\t<i aria-hidden=\"true\" class=\"icon icon-phone-handset\"><\/i>\t\t\t\t<\/span>\n\t\t\t<\/div>\n\t\t\t\n\t\t\t\t\t\t<div class=\"elementor-icon-box-content\">\n\n\t\t\t\t\t\t\t\t\t<div class=\"elementor-icon-box-title\">\n\t\t\t\t\t\t<span  >\n\t\t\t\t\t\t\tHablemos\t\t\t\t\t\t<\/span>\n\t\t\t\t\t<\/div>\n\t\t\t\t\n\t\t\t\t\t\t\t\t\t<p class=\"elementor-icon-box-description\">\n\t\t\t\t\t\t+34 601 37 57 60 <\/br>\n\t\t\t\t\t<\/p>\n\t\t\t\t\n\t\t\t<\/div>\n\t\t\t\n\t\t<\/div>\n\t\t\t\t\t\t<\/div>\n\t\t\t\t<\/div>\n\t\t\t\t<div class=\"elementor-element elementor-element-1c84f0e0 elementor-position-inline-start elementor-view-stacked elementor-shape-square elementor-mobile-position-inline-start elementor-widget__width-initial elementor-widget elementor-widget-icon-box\" data-id=\"1c84f0e0\" data-element_type=\"widget\" data-e-type=\"widget\" data-widget_type=\"icon-box.default\">\n\t\t\t\t<div class=\"elementor-widget-container\">\n\t\t\t\t\t\t\t<div class=\"elementor-icon-box-wrapper\">\n\n\t\t\t\t\t\t<div class=\"elementor-icon-box-icon\">\n\t\t\t\t<span  class=\"elementor-icon\">\n\t\t\t\t<i aria-hidden=\"true\" class=\"icon icon-envelope1\"><\/i>\t\t\t\t<\/span>\n\t\t\t<\/div>\n\t\t\t\n\t\t\t\t\t\t<div class=\"elementor-icon-box-content\">\n\n\t\t\t\t\t\t\t\t\t<div class=\"elementor-icon-box-title\">\n\t\t\t\t\t\t<span  >\n\t\t\t\t\t\t\tEmail\t\t\t\t\t\t<\/span>\n\t\t\t\t\t<\/div>\n\t\t\t\t\n\t\t\t\t\t\t\t\t\t<p class=\"elementor-icon-box-description\">\n\t\t\t\t\t\tinfo@claudiamingarropsicologia.com\t\t\t\t\t<\/p>\n\t\t\t\t\n\t\t\t<\/div>\n\t\t\t\n\t\t<\/div>\n\t\t\t\t\t\t<\/div>\n\t\t\t\t<\/div>\n\t\t\t\t<div class=\"elementor-element elementor-element-68172125 elementor-widget-divider--view-line elementor-widget elementor-widget-divider\" data-id=\"68172125\" data-element_type=\"widget\" data-e-type=\"widget\" data-widget_type=\"divider.default\">\n\t\t\t\t<div class=\"elementor-widget-container\">\n\t\t\t\t\t\t\t<div class=\"elementor-divider\">\n\t\t\t<span class=\"elementor-divider-separator\">\n\t\t\t\t\t\t<\/span>\n\t\t<\/div>\n\t\t\t\t\t\t<\/div>\n\t\t\t\t<\/div>\n\t\t\t\t\t<\/div>\n\t\t<\/div>\n\t\t\t\t<div class=\"elementor-column elementor-col-50 elementor-top-column elementor-element elementor-element-32e5a429\" data-id=\"32e5a429\" data-element_type=\"column\" data-e-type=\"column\" data-settings=\"{&quot;background_background&quot;:&quot;classic&quot;}\">\n\t\t\t<div class=\"elementor-widget-wrap elementor-element-populated\">\n\t\t\t\t\t\t<div class=\"elementor-element elementor-element-633abc30 elementor-widget elementor-widget-heading\" data-id=\"633abc30\" data-element_type=\"widget\" data-e-type=\"widget\" data-widget_type=\"heading.default\">\n\t\t\t\t<div class=\"elementor-widget-container\">\n\t\t\t\t\t<h3 class=\"elementor-heading-title elementor-size-default\">Escr\u00edbenos<\/h3>\t\t\t\t<\/div>\n\t\t\t\t<\/div>\n\t\t\t\t<div class=\"elementor-element elementor-element-1ff9a9c6 elementor-widget elementor-widget-text-editor\" data-id=\"1ff9a9c6\" data-element_type=\"widget\" data-e-type=\"widget\" data-widget_type=\"text-editor.default\">\n\t\t\t\t<div class=\"elementor-widget-container\">\n\t\t\t\t\t\t\t\t\t<p>Puedes mandarnos un mail y te responderemos en breve.<\/p>\t\t\t\t\t\t\t\t<\/div>\n\t\t\t\t<\/div>\n\t\t\t\t<div class=\"elementor-element elementor-element-ef91b2c elementor-button-align-stretch elementor-widget elementor-widget-form\" data-id=\"ef91b2c\" data-element_type=\"widget\" data-e-type=\"widget\" data-settings=\"{&quot;step_next_label&quot;:&quot;Next&quot;,&quot;step_previous_label&quot;:&quot;Previous&quot;,&quot;button_width&quot;:&quot;100&quot;,&quot;step_type&quot;:&quot;number_text&quot;,&quot;step_icon_shape&quot;:&quot;circle&quot;}\" data-widget_type=\"form.default\">\n\t\t\t\t<div class=\"elementor-widget-container\">\n\t\t\t\t\t\t\t<form class=\"elementor-form\" method=\"post\" name=\"New Form\">\n\t\t\t<input type=\"hidden\" name=\"post_id\" value=\"241\"\/>\n\t\t\t<input type=\"hidden\" name=\"form_id\" value=\"ef91b2c\"\/>\n\t\t\t<input type=\"hidden\" name=\"referer_title\" value=\"Contacto - Claudia Mingarro Psicolog\u00eda\" \/>\n\n\t\t\t\t\t\t\t<input type=\"hidden\" name=\"queried_id\" value=\"241\"\/>\n\t\t\t\n\t\t\t<div class=\"elementor-form-fields-wrapper elementor-labels-above\">\n\t\t\t\t\t\t\t\t<div class=\"elementor-field-type-text elementor-field-group elementor-column elementor-field-group-name elementor-col-50 elementor-md-100 elementor-field-required\">\n\t\t\t\t\t\t\t\t\t\t\t\t<label for=\"form-field-name\" class=\"elementor-field-label\">\n\t\t\t\t\t\t\t\tNombre Completo\t\t\t\t\t\t\t<\/label>\n\t\t\t\t\t\t\t\t\t\t\t\t\t\t<input size=\"1\" type=\"text\" name=\"form_fields[name]\" id=\"form-field-name\" class=\"elementor-field elementor-size-md  elementor-field-textual\" required=\"required\">\n\t\t\t\t\t\t\t\t\t\t\t<\/div>\n\t\t\t\t\t\t\t\t<div class=\"elementor-field-type-email elementor-field-group elementor-column elementor-field-group-email elementor-col-50 elementor-md-100 elementor-field-required\">\n\t\t\t\t\t\t\t\t\t\t\t\t<label for=\"form-field-email\" class=\"elementor-field-label\">\n\t\t\t\t\t\t\t\tEmail \t\t\t\t\t\t\t<\/label>\n\t\t\t\t\t\t\t\t\t\t\t\t\t\t<input size=\"1\" type=\"email\" name=\"form_fields[email]\" id=\"form-field-email\" class=\"elementor-field elementor-size-md  elementor-field-textual\" required=\"required\">\n\t\t\t\t\t\t\t\t\t\t\t<\/div>\n\t\t\t\t\t\t\t\t<div class=\"elementor-field-type-text elementor-field-group elementor-column elementor-field-group-message elementor-col-100 elementor-field-required\">\n\t\t\t\t\t\t\t\t\t\t\t\t<label for=\"form-field-message\" class=\"elementor-field-label\">\n\t\t\t\t\t\t\t\tAsunto\t\t\t\t\t\t\t<\/label>\n\t\t\t\t\t\t\t\t\t\t\t\t\t\t<input size=\"1\" type=\"text\" name=\"form_fields[message]\" id=\"form-field-message\" class=\"elementor-field elementor-size-md  elementor-field-textual\" required=\"required\">\n\t\t\t\t\t\t\t\t\t\t\t<\/div>\n\t\t\t\t\t\t\t\t<div class=\"elementor-field-type-textarea elementor-field-group elementor-column elementor-field-group-field_1e6d75c elementor-col-100 elementor-field-required\">\n\t\t\t\t\t\t\t\t\t\t\t\t<label for=\"form-field-field_1e6d75c\" class=\"elementor-field-label\">\n\t\t\t\t\t\t\t\tMensaje\t\t\t\t\t\t\t<\/label>\n\t\t\t\t\t\t<textarea class=\"elementor-field-textual elementor-field  elementor-size-md\" name=\"form_fields[field_1e6d75c]\" id=\"form-field-field_1e6d75c\" rows=\"4\" required=\"required\"><\/textarea>\t\t\t\t<\/div>\n\t\t\t\t\t\t\t\t<div class=\"elementor-field-group elementor-column elementor-field-type-submit elementor-col-100 e-form__buttons\">\n\t\t\t\t\t<button class=\"elementor-button elementor-size-sm\" type=\"submit\">\n\t\t\t\t\t\t<span class=\"elementor-button-content-wrapper\">\n\t\t\t\t\t\t\t\t\t\t\t\t\t\t\t<span class=\"elementor-button-icon\">\n\t\t\t\t\t\t\t\t\t<svg aria-hidden=\"true\" class=\"e-font-icon-svg e-far-envelope\" viewBox=\"0 0 512 512\" xmlns=\"http:\/\/www.w3.org\/2000\/svg\"><path d=\"M464 64H48C21.49 64 0 85.49 0 112v288c0 26.51 21.49 48 48 48h416c26.51 0 48-21.49 48-48V112c0-26.51-21.49-48-48-48zm0 48v40.805c-22.422 18.259-58.168 46.651-134.587 106.49-16.841 13.247-50.201 45.072-73.413 44.701-23.208.375-56.579-31.459-73.413-44.701C106.18 199.465 70.425 171.067 48 152.805V112h416zM48 400V214.398c22.914 18.251 55.409 43.862 104.938 82.646 21.857 17.205 60.134 55.186 103.062 54.955 42.717.231 80.509-37.199 103.053-54.947 49.528-38.783 82.032-64.401 104.947-82.653V400H48z\"><\/path><\/svg>\t\t\t\t\t\t\t\t\t\t\t\t\t\t\t\t\t<\/span>\n\t\t\t\t\t\t\t\t\t\t\t\t\t\t\t\t\t\t\t\t\t\t<span class=\"elementor-button-text\">Enviar<\/span>\n\t\t\t\t\t\t\t\t\t\t\t\t\t<\/span>\n\t\t\t\t\t<\/button>\n\t\t\t\t<\/div>\n\t\t\t<\/div>\n\t\t<\/form>\n\t\t\t\t\t\t<\/div>\n\t\t\t\t<\/div>\n\t\t\t\t\t<\/div>\n\t\t<\/div>\n\t\t\t\t\t<\/div>\n\t\t<\/section>\n\t\t\t\t<section class=\"elementor-section elementor-top-section elementor-element elementor-element-535edb7 elementor-section-full_width elementor-section-height-default elementor-section-height-default\" data-id=\"535edb7\" data-element_type=\"section\" data-e-type=\"section\">\n\t\t\t\t\t\t<div class=\"elementor-container elementor-column-gap-no\">\n\t\t\t\t\t<div class=\"elementor-column elementor-col-100 elementor-top-column elementor-element elementor-element-17fe4f0f\" data-id=\"17fe4f0f\" data-element_type=\"column\" data-e-type=\"column\">\n\t\t\t<div class=\"elementor-widget-wrap elementor-element-populated\">\n\t\t\t\t\t\t<div class=\"elementor-element elementor-element-78463ad5 elementor-widget elementor-widget-google_maps\" data-id=\"78463ad5\" data-element_type=\"widget\" data-e-type=\"widget\" data-widget_type=\"google_maps.default\">\n\t\t\t\t<div class=\"elementor-widget-container\">\n\t\t\t\t\t\t\t<div class=\"elementor-custom-embed\">\n\t\t\t<iframe loading=\"lazy\"\n\t\t\t\t\tsrc=\"https:\/\/maps.google.com\/maps?q=Camino%20de%20Ronda%20138%204E%2018003%C2%A0Granada&#038;t=m&#038;z=14&#038;output=embed&#038;iwloc=near\"\n\t\t\t\t\ttitle=\"Camino de Ronda 138 4E 18003\u00a0Granada\"\n\t\t\t\t\taria-label=\"Camino de Ronda 138 4E 18003\u00a0Granada\"\n\t\t\t><\/iframe>\n\t\t<\/div>\n\t\t\t\t\t\t<\/div>\n\t\t\t\t<\/div>\n\t\t\t\t\t<\/div>\n\t\t<\/div>\n\t\t\t\t\t<\/div>\n\t\t<\/section>\n\t\t<div class=\"elementor-element elementor-element-b396d21 e-flex e-con-boxed e-con e-parent\" data-id=\"b396d21\" data-element_type=\"container\" data-e-type=\"container\">\n\t\t\t\t\t<div class=\"e-con-inner\">\n\t\t\t\t<div class=\"elementor-element elementor-element-318078f elementor-widget elementor-widget-image\" data-id=\"318078f\" data-element_type=\"widget\" data-e-type=\"widget\" data-widget_type=\"image.default\">\n\t\t\t\t<div class=\"elementor-widget-container\">\n\t\t\t\t\t\t\t\t\t\t\t\t\t\t\t<img fetchpriority=\"high\" decoding=\"async\" width=\"1024\" height=\"151\" src=\"https:\/\/claudiamingarropsicologia.com\/wp-content\/uploads\/2024\/03\/logo-footer-kitdigital-1024x151.png\" class=\"attachment-large size-large wp-image-284\" alt=\"\" srcset=\"https:\/\/claudiamingarropsicologia.com\/wp-content\/uploads\/2024\/03\/logo-footer-kitdigital-1024x151.png 1024w, https:\/\/claudiamingarropsicologia.com\/wp-content\/uploads\/2024\/03\/logo-footer-kitdigital-300x44.png 300w, https:\/\/claudiamingarropsicologia.com\/wp-content\/uploads\/2024\/03\/logo-footer-kitdigital-768x113.png 768w, https:\/\/claudiamingarropsicologia.com\/wp-content\/uploads\/2024\/03\/logo-footer-kitdigital.png 1300w\" sizes=\"(max-width: 1024px) 100vw, 1024px\" \/>\t\t\t\t\t\t\t\t\t\t\t\t\t\t\t<\/div>\n\t\t\t\t<\/div>\n\t\t\t\t\t<\/div>\n\t\t\t\t<\/div>\n\t\t\t\t<\/div>\n\t\t","protected":false},"excerpt":{"rendered":"<p>Obt\u00e9n una cita para evaluaci\u00f3n Consulta Calle Gloria M\u00e1s 2 Edificio Oriente, Portal 2, 1\u00baC, Granada Hablemos +34 601 37 57 60 Email info@claudiamingarropsicologia.com Escr\u00edbenos Puedes mandarnos un mail y te responderemos en breve.<\/p>\n","protected":false},"author":1,"featured_media":0,"parent":0,"menu_order":0,"comment_status":"closed","ping_status":"closed","template":"elementor_header_footer","meta":{"footnotes":""},"class_list":["post-241","page","type-page","status-publish","hentry"],"yoast_head":"<!-- This site is optimized with the Yoast SEO plugin v27.1.1 - https:\/\/yoast.com\/product\/yoast-seo-wordpress\/ -->\n<title>Contacto - Claudia Mingarro Psicolog\u00eda<\/title>\n<meta name=\"robots\" content=\"index, follow, max-snippet:-1, max-image-preview:large, max-video-preview:-1\" \/>\n<link rel=\"canonical\" href=\"https:\/\/claudiamingarropsicologia.com\/index.php\/contacto\/\" \/>\n<meta property=\"og:locale\" content=\"es_ES\" \/>\n<meta property=\"og:type\" content=\"article\" \/>\n<meta property=\"og:title\" content=\"Contacto - Claudia Mingarro Psicolog\u00eda\" \/>\n<meta property=\"og:description\" content=\"Obt\u00e9n una cita para evaluaci\u00f3n Consulta Calle Gloria M\u00e1s 2 Edificio Oriente, Portal 2, 1\u00baC, Granada Hablemos +34 601 37 57 60 Email info@claudiamingarropsicologia.com Escr\u00edbenos Puedes mandarnos un mail y te responderemos en breve.\" \/>\n<meta property=\"og:url\" content=\"https:\/\/claudiamingarropsicologia.com\/index.php\/contacto\/\" \/>\n<meta property=\"og:site_name\" content=\"Claudia Mingarro Psicolog\u00eda\" \/>\n<meta property=\"article:modified_time\" content=\"2026-03-11T18:24:41+00:00\" \/>\n<meta property=\"og:image\" content=\"https:\/\/claudiamingarropsicologia.com\/wp-content\/uploads\/2024\/03\/logo-footer-kitdigital.png\" \/>\n\t<meta property=\"og:image:width\" content=\"1300\" \/>\n\t<meta property=\"og:image:height\" content=\"192\" \/>\n\t<meta property=\"og:image:type\" content=\"image\/png\" \/>\n<meta name=\"twitter:card\" content=\"summary_large_image\" \/>\n<meta name=\"twitter:label1\" content=\"Tiempo de lectura\" \/>\n\t<meta name=\"twitter:data1\" content=\"1 minuto\" \/>\n<script type=\"application\/ld+json\" class=\"yoast-schema-graph\">{\"@context\":\"https:\/\/schema.org\",\"@graph\":[{\"@type\":\"WebPage\",\"@id\":\"https:\/\/claudiamingarropsicologia.com\/index.php\/contacto\/\",\"url\":\"https:\/\/claudiamingarropsicologia.com\/index.php\/contacto\/\",\"name\":\"Contacto - Claudia Mingarro Psicolog\u00eda\",\"isPartOf\":{\"@id\":\"https:\/\/claudiamingarropsicologia.com\/#website\"},\"primaryImageOfPage\":{\"@id\":\"https:\/\/claudiamingarropsicologia.com\/index.php\/contacto\/#primaryimage\"},\"image\":{\"@id\":\"https:\/\/claudiamingarropsicologia.com\/index.php\/contacto\/#primaryimage\"},\"thumbnailUrl\":\"https:\/\/claudiamingarropsicologia.com\/wp-content\/uploads\/2024\/03\/logo-footer-kitdigital-1024x151.png\",\"datePublished\":\"2024-03-18T13:09:50+00:00\",\"dateModified\":\"2026-03-11T18:24:41+00:00\",\"breadcrumb\":{\"@id\":\"https:\/\/claudiamingarropsicologia.com\/index.php\/contacto\/#breadcrumb\"},\"inLanguage\":\"es\",\"potentialAction\":[{\"@type\":\"ReadAction\",\"target\":[\"https:\/\/claudiamingarropsicologia.com\/index.php\/contacto\/\"]}]},{\"@type\":\"ImageObject\",\"inLanguage\":\"es\",\"@id\":\"https:\/\/claudiamingarropsicologia.com\/index.php\/contacto\/#primaryimage\",\"url\":\"https:\/\/claudiamingarropsicologia.com\/wp-content\/uploads\/2024\/03\/logo-footer-kitdigital.png\",\"contentUrl\":\"https:\/\/claudiamingarropsicologia.com\/wp-content\/uploads\/2024\/03\/logo-footer-kitdigital.png\",\"width\":1300,\"height\":192},{\"@type\":\"BreadcrumbList\",\"@id\":\"https:\/\/claudiamingarropsicologia.com\/index.php\/contacto\/#breadcrumb\",\"itemListElement\":[{\"@type\":\"ListItem\",\"position\":1,\"name\":\"Portada\",\"item\":\"https:\/\/claudiamingarropsicologia.com\/\"},{\"@type\":\"ListItem\",\"position\":2,\"name\":\"Contacto\"}]},{\"@type\":\"WebSite\",\"@id\":\"https:\/\/claudiamingarropsicologia.com\/#website\",\"url\":\"https:\/\/claudiamingarropsicologia.com\/\",\"name\":\"Claudia Mingarro Psicolog\u00eda\",\"description\":\"Tu psic\u00f3loga en Granada\",\"publisher\":{\"@id\":\"https:\/\/claudiamingarropsicologia.com\/#organization\"},\"potentialAction\":[{\"@type\":\"SearchAction\",\"target\":{\"@type\":\"EntryPoint\",\"urlTemplate\":\"https:\/\/claudiamingarropsicologia.com\/?s={search_term_string}\"},\"query-input\":{\"@type\":\"PropertyValueSpecification\",\"valueRequired\":true,\"valueName\":\"search_term_string\"}}],\"inLanguage\":\"es\"},{\"@type\":\"Organization\",\"@id\":\"https:\/\/claudiamingarropsicologia.com\/#organization\",\"name\":\"Claudia Mingarro Psicolog\u00eda\",\"url\":\"https:\/\/claudiamingarropsicologia.com\/\",\"logo\":{\"@type\":\"ImageObject\",\"inLanguage\":\"es\",\"@id\":\"https:\/\/claudiamingarropsicologia.com\/#\/schema\/logo\/image\/\",\"url\":\"https:\/\/claudiamingarropsicologia.com\/wp-content\/uploads\/2024\/03\/logoCllaudia@4x.png\",\"contentUrl\":\"https:\/\/claudiamingarropsicologia.com\/wp-content\/uploads\/2024\/03\/logoCllaudia@4x.png\",\"width\":1344,\"height\":225,\"caption\":\"Claudia Mingarro Psicolog\u00eda\"},\"image\":{\"@id\":\"https:\/\/claudiamingarropsicologia.com\/#\/schema\/logo\/image\/\"}}]}<\/script>\n<!-- \/ Yoast SEO plugin. -->","yoast_head_json":{"title":"Contacto - Claudia Mingarro Psicolog\u00eda","robots":{"index":"index","follow":"follow","max-snippet":"max-snippet:-1","max-image-preview":"max-image-preview:large","max-video-preview":"max-video-preview:-1"},"canonical":"https:\/\/claudiamingarropsicologia.com\/index.php\/contacto\/","og_locale":"es_ES","og_type":"article","og_title":"Contacto - Claudia Mingarro Psicolog\u00eda","og_description":"Obt\u00e9n una cita para evaluaci\u00f3n Consulta Calle Gloria M\u00e1s 2 Edificio Oriente, Portal 2, 1\u00baC, Granada Hablemos +34 601 37 57 60 Email info@claudiamingarropsicologia.com Escr\u00edbenos Puedes mandarnos un mail y te responderemos en breve.","og_url":"https:\/\/claudiamingarropsicologia.com\/index.php\/contacto\/","og_site_name":"Claudia Mingarro Psicolog\u00eda","article_modified_time":"2026-03-11T18:24:41+00:00","og_image":[{"width":1300,"height":192,"url":"https:\/\/claudiamingarropsicologia.com\/wp-content\/uploads\/2024\/03\/logo-footer-kitdigital.png","type":"image\/png"}],"twitter_card":"summary_large_image","twitter_misc":{"Tiempo de lectura":"1 minuto"},"schema":{"@context":"https:\/\/schema.org","@graph":[{"@type":"WebPage","@id":"https:\/\/claudiamingarropsicologia.com\/index.php\/contacto\/","url":"https:\/\/claudiamingarropsicologia.com\/index.php\/contacto\/","name":"Contacto - Claudia Mingarro Psicolog\u00eda","isPartOf":{"@id":"https:\/\/claudiamingarropsicologia.com\/#website"},"primaryImageOfPage":{"@id":"https:\/\/claudiamingarropsicologia.com\/index.php\/contacto\/#primaryimage"},"image":{"@id":"https:\/\/claudiamingarropsicologia.com\/index.php\/contacto\/#primaryimage"},"thumbnailUrl":"https:\/\/claudiamingarropsicologia.com\/wp-content\/uploads\/2024\/03\/logo-footer-kitdigital-1024x151.png","datePublished":"2024-03-18T13:09:50+00:00","dateModified":"2026-03-11T18:24:41+00:00","breadcrumb":{"@id":"https:\/\/claudiamingarropsicologia.com\/index.php\/contacto\/#breadcrumb"},"inLanguage":"es","potentialAction":[{"@type":"ReadAction","target":["https:\/\/claudiamingarropsicologia.com\/index.php\/contacto\/"]}]},{"@type":"ImageObject","inLanguage":"es","@id":"https:\/\/claudiamingarropsicologia.com\/index.php\/contacto\/#primaryimage","url":"https:\/\/claudiamingarropsicologia.com\/wp-content\/uploads\/2024\/03\/logo-footer-kitdigital.png","contentUrl":"https:\/\/claudiamingarropsicologia.com\/wp-content\/uploads\/2024\/03\/logo-footer-kitdigital.png","width":1300,"height":192},{"@type":"BreadcrumbList","@id":"https:\/\/claudiamingarropsicologia.com\/index.php\/contacto\/#breadcrumb","itemListElement":[{"@type":"ListItem","position":1,"name":"Portada","item":"https:\/\/claudiamingarropsicologia.com\/"},{"@type":"ListItem","position":2,"name":"Contacto"}]},{"@type":"WebSite","@id":"https:\/\/claudiamingarropsicologia.com\/#website","url":"https:\/\/claudiamingarropsicologia.com\/","name":"Claudia Mingarro Psicolog\u00eda","description":"Tu psic\u00f3loga en Granada","publisher":{"@id":"https:\/\/claudiamingarropsicologia.com\/#organization"},"potentialAction":[{"@type":"SearchAction","target":{"@type":"EntryPoint","urlTemplate":"https:\/\/claudiamingarropsicologia.com\/?s={search_term_string}"},"query-input":{"@type":"PropertyValueSpecification","valueRequired":true,"valueName":"search_term_string"}}],"inLanguage":"es"},{"@type":"Organization","@id":"https:\/\/claudiamingarropsicologia.com\/#organization","name":"Claudia Mingarro Psicolog\u00eda","url":"https:\/\/claudiamingarropsicologia.com\/","logo":{"@type":"ImageObject","inLanguage":"es","@id":"https:\/\/claudiamingarropsicologia.com\/#\/schema\/logo\/image\/","url":"https:\/\/claudiamingarropsicologia.com\/wp-content\/uploads\/2024\/03\/logoCllaudia@4x.png","contentUrl":"https:\/\/claudiamingarropsicologia.com\/wp-content\/uploads\/2024\/03\/logoCllaudia@4x.png","width":1344,"height":225,"caption":"Claudia Mingarro Psicolog\u00eda"},"image":{"@id":"https:\/\/claudiamingarropsicologia.com\/#\/schema\/logo\/image\/"}}]}},"_links":{"self":[{"href":"https:\/\/claudiamingarropsicologia.com\/index.php\/wp-json\/wp\/v2\/pages\/241","targetHints":{"allow":["GET"]}}],"collection":[{"href":"https:\/\/claudiamingarropsicologia.com\/index.php\/wp-json\/wp\/v2\/pages"}],"about":[{"href":"https:\/\/claudiamingarropsicologia.com\/index.php\/wp-json\/wp\/v2\/types\/page"}],"author":[{"embeddable":true,"href":"https:\/\/claudiamingarropsicologia.com\/index.php\/wp-json\/wp\/v2\/users\/1"}],"replies":[{"embeddable":true,"href":"https:\/\/claudiamingarropsicologia.com\/index.php\/wp-json\/wp\/v2\/comments?post=241"}],"version-history":[{"count":25,"href":"https:\/\/claudiamingarropsicologia.com\/index.php\/wp-json\/wp\/v2\/pages\/241\/revisions"}],"predecessor-version":[{"id":427,"href":"https:\/\/claudiamingarropsicologia.com\/index.php\/wp-json\/wp\/v2\/pages\/241\/revisions\/427"}],"wp:attachment":[{"href":"https:\/\/claudiamingarropsicologia.com\/index.php\/wp-json\/wp\/v2\/media?parent=241"}],"curies":[{"name":"wp","href":"https:\/\/api.w.org\/{rel}","templated":true}]}}